{"id":7164,"date":"2023-04-02T22:17:24","date_gmt":"2023-04-02T21:17:24","guid":{"rendered":"https:\/\/contenedoresmata.es\/?page_id=7164"},"modified":"2025-08-21T07:48:58","modified_gmt":"2025-08-21T06:48:58","slug":"ask-container","status":"publish","type":"page","link":"https:\/\/contenedoresmata.es\/en\/ask-container\/","title":{"rendered":"Container"},"content":{"rendered":"\r\n<p>Disponemos de\u00a0<strong>contenedores<\/strong>\u00a0de 3, 5, y 12m\u00b3\u00a0<strong>para todo tipo de residuos s\u00f3lidos<\/strong>,\u00a0<strong>escombros<\/strong>\u00a0y\u00a0<strong>materiales residuales de obras<\/strong>,\u00a0<strong>restos de jardiner\u00eda y poda<\/strong>, escombro mezclado con otros tipos de materiales, etc.<br \/><strong>Puede pedir tantos contenedores como necesite<\/strong>. Es muy importante tener en cuenta los puntos abajo mencionados y pedir el contenedor que se adapte a sus necesidades. Lea atentamente las indicaciones de cada contenedor. Si hace click sobre la imagen podr\u00e1 tener m\u00e1s im\u00e1genes y especificaciones detalladas de cada contenedor. Tambi\u00e9n puede hacer clik sobre el carrito para a\u00f1adirlo a la cesta de pedidos. Puede tener una direcci\u00f3n de facturaci\u00f3n y otra donde quiere que se le sirva el contenedor.\u00a0<strong>Si usted es profesional, solic\u00edtenos su cup\u00f3n de descuento<\/strong>.<\/p>\r\n","protected":false},"excerpt":{"rendered":"<p>Disponemos de\u00a0contenedores\u00a0de 3, 5, y 12m\u00b3\u00a0para todo tipo de residuos s\u00f3lidos,\u00a0escombros\u00a0y\u00a0materiales residuales de obras,\u00a0restos de jardiner\u00eda y poda, escombro mezclado con otros tipos de materiales, etc.Puede pedir tantos contenedores como necesite. Es muy importante tener en cuenta los puntos abajo mencionados y pedir el contenedor que se adapte a sus necesidades. Lea atentamente las indicaciones [&hellip;]<\/p>\n","protected":false},"author":3,"featured_media":0,"parent":0,"menu_order":0,"comment_status":"closed","ping_status":"closed","template":"","meta":{"footnotes":""},"class_list":["post-7164","page","type-page","status-publish","hentry"],"_links":{"self":[{"href":"https:\/\/contenedoresmata.es\/en\/wp-json\/wp\/v2\/pages\/7164","targetHints":{"allow":["GET"]}}],"collection":[{"href":"https:\/\/contenedoresmata.es\/en\/wp-json\/wp\/v2\/pages"}],"about":[{"href":"https:\/\/contenedoresmata.es\/en\/wp-json\/wp\/v2\/types\/page"}],"author":[{"embeddable":true,"href":"https:\/\/contenedoresmata.es\/en\/wp-json\/wp\/v2\/users\/3"}],"replies":[{"embeddable":true,"href":"https:\/\/contenedoresmata.es\/en\/wp-json\/wp\/v2\/comments?post=7164"}],"version-history":[{"count":10,"href":"https:\/\/contenedoresmata.es\/en\/wp-json\/wp\/v2\/pages\/7164\/revisions"}],"predecessor-version":[{"id":7687,"href":"https:\/\/contenedoresmata.es\/en\/wp-json\/wp\/v2\/pages\/7164\/revisions\/7687"}],"wp:attachment":[{"href":"https:\/\/contenedoresmata.es\/en\/wp-json\/wp\/v2\/media?parent=7164"}],"curies":[{"name":"wp","href":"https:\/\/api.w.org\/{rel}","templated":true}]}}